{"id":99,"date":"2026-02-26T09:20:54","date_gmt":"2026-02-26T08:20:54","guid":{"rendered":"https:\/\/mo2026.jaroska.cz\/?page_id=99"},"modified":"2026-03-21T08:39:33","modified_gmt":"2026-03-21T07:39:33","slug":"media","status":"publish","type":"page","link":"https:\/\/mo2026.jaroska.cz\/index.php\/media\/","title":{"rendered":"M\u00e9dia"},"content":{"rendered":"\n<p class=\"has-large-font-size\">P\u00e1tek 20. 3. 2026 \u2013 Vyhl\u00e1\u0161en\u00ed v\u00fdsledk\u016f kategorie P<\/p>\n\n\n\n<div class=\"wp-block-columns is-layout-flex wp-container-core-columns-is-layout-28f84493 wp-block-columns-is-layout-flex\">\n<div class=\"wp-block-column is-layout-flow wp-block-column-is-layout-flow\">\n<div style=\"position: relative;width: 100%;overflow: hidden;padding-top: 56.25%;\">\n<iframe allowtransparency=\"true\" frameborder=\"0\" scrolling=\"no\" src=\"https:\/\/www.zonerama.com\/Embed\/Album\/14944487?color=green&amp;autoplay=false&amp;vertical=false\" style=\"position: absolute;top: 0;left: 0;bottom: 0;right: 0;width: 100%; height: 100%;border: none;\"><\/iframe>\n<\/div>\n<\/div>\n<\/div>\n\n\n\n<p class=\"has-large-font-size\">P\u00e1tek 20. 3. 2026 \u2013 2. sout\u011b\u017en\u00ed den kategorie P<\/p>\n\n\n\n<div class=\"wp-block-columns is-layout-flex wp-container-core-columns-is-layout-28f84493 wp-block-columns-is-layout-flex\">\n<div class=\"wp-block-column is-layout-flow wp-block-column-is-layout-flow\">\n<div style=\"position: relative;width: 100%;overflow: hidden;padding-top: 56.25%;\">\n<iframe allowtransparency=\"true\" frameborder=\"0\" scrolling=\"no\" src=\"https:\/\/www.zonerama.com\/Embed\/Album\/14944482?color=green&amp;autoplay=false&amp;vertical=false\" style=\"position: absolute;top: 0;left: 0;bottom: 0;right: 0;width: 100%; height: 100%;border: none;\"><\/iframe>\n<\/div>\n<\/div>\n<\/div>\n\n\n\n<p class=\"has-large-font-size\">\u010ctvrtek 19. 3. 2026 \u2013 1. sout\u011b\u017en\u00ed den kategorie P<\/p>\n\n\n\n<div class=\"wp-block-columns is-layout-flex wp-container-core-columns-is-layout-28f84493 wp-block-columns-is-layout-flex\">\n<div class=\"wp-block-column is-layout-flow wp-block-column-is-layout-flow\">\n<div style=\"position: relative;width: 100%;overflow: hidden;padding-top: 56.25%;\">\n<iframe allowtransparency=\"true\" frameborder=\"0\" scrolling=\"no\" src=\"https:\/\/www.zonerama.com\/Embed\/Album\/14940193?color=green&amp;autoplay=false&amp;vertical=false\" style=\"position: absolute;top: 0;left: 0;bottom: 0;right: 0;width: 100%; height: 100%;border: none;\"><\/iframe>\n<\/div>\n<\/div>\n<\/div>\n\n\n\n<p class=\"has-large-font-size\">St\u0159eda 18. 3. 2026 \u2013 Slavnostn\u00ed zah\u00e1jen\u00ed pro kategorii P<\/p>\n\n\n\n<div class=\"wp-block-columns is-layout-flex wp-container-core-columns-is-layout-28f84493 wp-block-columns-is-layout-flex\">\n<div class=\"wp-block-column is-layout-flow wp-block-column-is-layout-flow\">\n<div style=\"position: relative;width: 100%;overflow: hidden;padding-top: 56.25%;\">\n<iframe allowtransparency=\"true\" frameborder=\"0\" scrolling=\"no\" src=\"https:\/\/www.zonerama.com\/Embed\/Album\/14940198?color=green&amp;autoplay=false&amp;vertical=false\" style=\"position: absolute;top: 0;left: 0;bottom: 0;right: 0;width: 100%; height: 100%;border: none;\"><\/iframe>\n<\/div>\n<\/div>\n<\/div>\n\n\n\n<p class=\"has-large-font-size\">St\u0159eda 18. 3. 2026 \u2013 Vyhl\u00e1\u0161en\u00ed v\u00fdsledk\u016f kategorie A<\/p>\n\n\n\n<div class=\"wp-block-columns is-layout-flex wp-container-core-columns-is-layout-28f84493 wp-block-columns-is-layout-flex\">\n<div class=\"wp-block-column is-layout-flow wp-block-column-is-layout-flow\">\n<div style=\"position: relative;width: 100%;overflow: hidden;padding-top: 56.25%;\">\n<iframe allowtransparency=\"true\" frameborder=\"0\" scrolling=\"no\" src=\"https:\/\/www.zonerama.com\/Embed\/Album\/14938447?color=green&amp;autoplay=false&amp;vertical=false\" style=\"position: absolute;top: 0;left: 0;bottom: 0;right: 0;width: 100%; height: 100%;border: none;\"><\/iframe>\n<\/div>\n<\/div>\n<\/div>\n\n\n\n<p class=\"has-large-font-size\">\u00dater\u00fd 17. 3. 2026 \u2013 Odpoledn\u00ed a ve\u010dern\u00ed program<\/p>\n\n\n\n<div class=\"wp-block-columns is-layout-flex wp-container-core-columns-is-layout-28f84493 wp-block-columns-is-layout-flex\">\n<div class=\"wp-block-column is-layout-flow wp-block-column-is-layout-flow\">\n<div style=\"position: relative;width: 100%;overflow: hidden;padding-top: 56.25%;\">\n<iframe allowtransparency=\"true\" frameborder=\"0\" scrolling=\"no\" src=\"https:\/\/www.zonerama.com\/Embed\/Album\/14927973?color=green&amp;autoplay=false&amp;vertical=false\" style=\"position: absolute;top: 0;left: 0;bottom: 0;right: 0;width: 100%; height: 100%;border: none;\"><\/iframe>\n<\/div>\n<\/div>\n<\/div>\n\n\n\n<p class=\"has-large-font-size\">Pond\u011bl\u00ed 16. 3. 2026 \u2013 Odpoledn\u00ed a ve\u010dern\u00ed program<\/p>\n\n\n\n<div class=\"wp-block-columns is-layout-flex wp-container-core-columns-is-layout-28f84493 wp-block-columns-is-layout-flex\">\n<div class=\"wp-block-column is-layout-flow wp-block-column-is-layout-flow\">\n<div style=\"position: relative;width: 100%;overflow: hidden;padding-top: 56.25%;\">\n<iframe allowtransparency=\"true\" frameborder=\"0\" scrolling=\"no\" src=\"https:\/\/www.zonerama.com\/Embed\/Album\/14921607?color=green&amp;autoplay=false&amp;vertical=false\" style=\"position: absolute;top: 0;left: 0;bottom: 0;right: 0;width: 100%; height: 100%;border: none;\"><\/iframe>\n<\/div>\n<\/div>\n<\/div>\n\n\n\n<p class=\"has-large-font-size\">Pond\u011bl\u00ed 16. 3. 2026 \u2013 Dopoledn\u00ed sout\u011b\u017en\u00ed kl\u00e1n\u00ed<\/p>\n\n\n\n<div class=\"wp-block-columns is-layout-flex wp-container-core-columns-is-layout-28f84493 wp-block-columns-is-layout-flex\">\n<div class=\"wp-block-column is-layout-flow wp-block-column-is-layout-flow\">\n<div style=\"position: relative;width: 100%;overflow: hidden;padding-top: 56.25%;\">\n<iframe allowtransparency=\"true\" frameborder=\"0\" scrolling=\"no\" src=\"https:\/\/www.zonerama.com\/Embed\/Album\/14916565?color=green&amp;autoplay=false&amp;vertical=false\" style=\"position: absolute;top: 0;left: 0;bottom: 0;right: 0;width: 100%; height: 100%;border: none;\"><\/iframe>\n<\/div>\n<\/div>\n<\/div>\n\n\n\n<p class=\"has-large-font-size\">Ned\u011ble 15. 3. 2026  \u2013 Slavnostn\u00ed zah\u00e1jen\u00ed na hv\u011bzd\u00e1rn\u011b<\/p>\n\n\n\n<div class=\"wp-block-columns is-layout-flex wp-container-core-columns-is-layout-28f84493 wp-block-columns-is-layout-flex\">\n<div class=\"wp-block-column is-layout-flow wp-block-column-is-layout-flow\">\n<div style=\"position: relative;width: 100%;overflow: hidden;padding-top: 56.25%;\">\n<iframe allowtransparency=\"true\" frameborder=\"0\" scrolling=\"no\" src=\"https:\/\/www.zonerama.com\/Embed\/Album\/14915814?color=green&amp;autoplay=false&amp;vertical=false\" style=\"position: absolute;top: 0;left: 0;bottom: 0;right: 0;width: 100%; height: 100%;border: none;\"><\/iframe>\n<\/div>\n<\/div>\n<\/div>\n\n\n\n<p class=\"has-large-font-size\">Ned\u011ble 15. 3. 2026 \u2013 Slavnostn\u00ed zah\u00e1jen\u00ed na hv\u011bzd\u00e1rn\u011b 2<\/p>\n\n\n\n<div class=\"wp-block-columns is-layout-flex wp-container-core-columns-is-layout-28f84493 wp-block-columns-is-layout-flex\">\n<div class=\"wp-block-column is-layout-flow wp-block-column-is-layout-flow\">\n<div style=\"position: relative;width: 100%;overflow: hidden;padding-top: 56.25%;\">\n<iframe allowtransparency=\"true\" frameborder=\"0\" scrolling=\"no\" src=\"https:\/\/www.zonerama.com\/Embed\/Album\/14921181?color=green&amp;autoplay=false&amp;vertical=false\" style=\"position: absolute;top: 0;left: 0;bottom: 0;right: 0;width: 100%; height: 100%;border: none;\"><\/iframe>\n<\/div>\n<\/div>\n<\/div>\n\n\n\n<p><\/p>\n","protected":false},"excerpt":{"rendered":"<p>P\u00e1tek 20. 3. 2026 \u2013 Vyhl\u00e1\u0161en\u00ed v\u00fdsledk\u016f kategorie P P\u00e1tek 20. 3. 2026 \u2013 2. sout\u011b\u017en\u00ed den kategorie P \u010ctvrtek 19. 3. 2026 \u2013 1. sout\u011b\u017en\u00ed den kategorie P St\u0159eda 18. 3. 2026 \u2013 Slavnostn\u00ed zah\u00e1jen\u00ed pro kategorii P St\u0159eda 18. 3. 2026 \u2013 Vyhl\u00e1\u0161en\u00ed v\u00fdsledk\u016f kategorie A \u00dater\u00fd 17. 3. 2026 \u2013 Odpoledn\u00ed a [&hellip;]<\/p>\n","protected":false},"author":1,"featured_media":0,"parent":0,"menu_order":0,"comment_status":"closed","ping_status":"closed","template":"","meta":{"footnotes":""},"class_list":["post-99","page","type-page","status-publish","hentry"],"_links":{"self":[{"href":"https:\/\/mo2026.jaroska.cz\/index.php\/wp-json\/wp\/v2\/pages\/99","targetHints":{"allow":["GET"]}}],"collection":[{"href":"https:\/\/mo2026.jaroska.cz\/index.php\/wp-json\/wp\/v2\/pages"}],"about":[{"href":"https:\/\/mo2026.jaroska.cz\/index.php\/wp-json\/wp\/v2\/types\/page"}],"author":[{"embeddable":true,"href":"https:\/\/mo2026.jaroska.cz\/index.php\/wp-json\/wp\/v2\/users\/1"}],"replies":[{"embeddable":true,"href":"https:\/\/mo2026.jaroska.cz\/index.php\/wp-json\/wp\/v2\/comments?post=99"}],"version-history":[{"count":14,"href":"https:\/\/mo2026.jaroska.cz\/index.php\/wp-json\/wp\/v2\/pages\/99\/revisions"}],"predecessor-version":[{"id":300,"href":"https:\/\/mo2026.jaroska.cz\/index.php\/wp-json\/wp\/v2\/pages\/99\/revisions\/300"}],"wp:attachment":[{"href":"https:\/\/mo2026.jaroska.cz\/index.php\/wp-json\/wp\/v2\/media?parent=99"}],"curies":[{"name":"wp","href":"https:\/\/api.w.org\/{rel}","templated":true}]}}