{"id":97,"date":"2026-02-26T09:18:42","date_gmt":"2026-02-26T08:18:42","guid":{"rendered":"https:\/\/mo2026.jaroska.cz\/?page_id=97"},"modified":"2026-03-02T15:51:05","modified_gmt":"2026-03-02T14:51:05","slug":"registrace","status":"publish","type":"page","link":"https:\/\/mo2026.jaroska.cz\/index.php\/registrace\/","title":{"rendered":"Registrace"},"content":{"rendered":"\n<p>Registra\u010dn\u00ed formul\u00e1\u0159e byly sou\u010d\u00e1st\u00ed pozv\u00e1nek, kter\u00e9 byly odesl\u00e1ny e-mailem v\u0161em \u00fa\u010dastn\u00edk\u016fm v ned\u011bli 1. 3. 2026.<\/p>\n\n\n\n<p>Pokud jste takovou pozv\u00e1nku o\u010dek\u00e1vali, ale nedostali (a prohl\u00e9dli jste si i slo\u017eku s nevy\u017e\u00e1danou po\u0161tou), kontaktujte Mgr. Viktora Je\u017eka na adrese jezek@jaroska.cz.<\/p>\n\n\n\n<p><\/p>\n","protected":false},"excerpt":{"rendered":"<p>Registra\u010dn\u00ed formul\u00e1\u0159e byly sou\u010d\u00e1st\u00ed pozv\u00e1nek, kter\u00e9 byly odesl\u00e1ny e-mailem v\u0161em \u00fa\u010dastn\u00edk\u016fm v ned\u011bli 1. 3. 2026. Pokud jste takovou pozv\u00e1nku o\u010dek\u00e1vali, ale nedostali (a prohl\u00e9dli jste si i slo\u017eku s nevy\u017e\u00e1danou po\u0161tou), kontaktujte Mgr. Viktora Je\u017eka na adrese jezek@jaroska.cz.<\/p>\n","protected":false},"author":1,"featured_media":0,"parent":0,"menu_order":0,"comment_status":"closed","ping_status":"closed","template":"","meta":{"footnotes":""},"class_list":["post-97","page","type-page","status-publish","hentry"],"_links":{"self":[{"href":"https:\/\/mo2026.jaroska.cz\/index.php\/wp-json\/wp\/v2\/pages\/97","targetHints":{"allow":["GET"]}}],"collection":[{"href":"https:\/\/mo2026.jaroska.cz\/index.php\/wp-json\/wp\/v2\/pages"}],"about":[{"href":"https:\/\/mo2026.jaroska.cz\/index.php\/wp-json\/wp\/v2\/types\/page"}],"author":[{"embeddable":true,"href":"https:\/\/mo2026.jaroska.cz\/index.php\/wp-json\/wp\/v2\/users\/1"}],"replies":[{"embeddable":true,"href":"https:\/\/mo2026.jaroska.cz\/index.php\/wp-json\/wp\/v2\/comments?post=97"}],"version-history":[{"count":3,"href":"https:\/\/mo2026.jaroska.cz\/index.php\/wp-json\/wp\/v2\/pages\/97\/revisions"}],"predecessor-version":[{"id":156,"href":"https:\/\/mo2026.jaroska.cz\/index.php\/wp-json\/wp\/v2\/pages\/97\/revisions\/156"}],"wp:attachment":[{"href":"https:\/\/mo2026.jaroska.cz\/index.php\/wp-json\/wp\/v2\/media?parent=97"}],"curies":[{"name":"wp","href":"https:\/\/api.w.org\/{rel}","templated":true}]}}