{"id":101,"date":"2026-02-26T09:21:17","date_gmt":"2026-02-26T08:21:17","guid":{"rendered":"https:\/\/mo2026.jaroska.cz\/?page_id=101"},"modified":"2026-03-14T10:25:40","modified_gmt":"2026-03-14T09:25:40","slug":"partneri","status":"publish","type":"page","link":"https:\/\/mo2026.jaroska.cz\/index.php\/partneri\/","title":{"rendered":"Partne\u0159i"},"content":{"rendered":"\n<p class=\"has-text-align-center has-primary-color has-text-color has-link-color has-x-large-font-size wp-elements-bb6fdac0523001ff6c5dba8898508e7e\"><strong>Partne\u0159i MO<\/strong><\/p>\n\n\n\n<div class=\"wp-block-columns is-layout-flex wp-container-core-columns-is-layout-28f84493 wp-block-columns-is-layout-flex\">\n<div class=\"wp-block-column has-base-background-color has-background is-layout-flow wp-block-column-is-layout-flow\">\n<div class=\"wp-block-group has-base-background-color has-background is-layout-grid wp-container-core-group-is-layout-b757edec wp-block-group-is-layout-grid\">\n<figure class=\"wp-block-image size-full\" style=\"margin-top:var(--wp--preset--spacing--30);margin-bottom:var(--wp--preset--spacing--30)\"><a href=\"https:\/\/www.math.cas.cz\/\" target=\"_blank\" rel=\" noreferrer noopener\"><img loading=\"lazy\" decoding=\"async\" width=\"559\" height=\"196\" src=\"https:\/\/mo2026.jaroska.cz\/wp-content\/uploads\/2026\/03\/LogoMUAVCR_cz.png\" alt=\"\" class=\"wp-image-218\" srcset=\"https:\/\/mo2026.jaroska.cz\/wp-content\/uploads\/2026\/03\/LogoMUAVCR_cz.png 559w, https:\/\/mo2026.jaroska.cz\/wp-content\/uploads\/2026\/03\/LogoMUAVCR_cz-300x105.png 300w\" sizes=\"auto, (max-width: 559px) 100vw, 559px\" \/><\/a><\/figure>\n\n\n\n<figure class=\"wp-block-image size-large\" style=\"margin-top:14px;margin-bottom:14px\"><a href=\"https:\/\/www.mff.cuni.cz\/\" target=\"_blank\" rel=\" noreferrer noopener\"><img loading=\"lazy\" decoding=\"async\" width=\"1024\" height=\"385\" src=\"https:\/\/mo2026.jaroska.cz\/wp-content\/uploads\/2026\/03\/matfyz_logo-1024x385.png\" alt=\"\" class=\"wp-image-219\" srcset=\"https:\/\/mo2026.jaroska.cz\/wp-content\/uploads\/2026\/03\/matfyz_logo-1024x385.png 1024w, https:\/\/mo2026.jaroska.cz\/wp-content\/uploads\/2026\/03\/matfyz_logo-300x113.png 300w, https:\/\/mo2026.jaroska.cz\/wp-content\/uploads\/2026\/03\/matfyz_logo-768x289.png 768w, https:\/\/mo2026.jaroska.cz\/wp-content\/uploads\/2026\/03\/matfyz_logo-1536x577.png 1536w, https:\/\/mo2026.jaroska.cz\/wp-content\/uploads\/2026\/03\/matfyz_logo-2048x770.png 2048w\" sizes=\"auto, (max-width: 1024px) 100vw, 1024px\" \/><\/a><\/figure>\n\n\n\n<figure class=\"wp-block-image size-full wp-container-content-5e2576f9\"><a href=\"https:\/\/www.muni.cz\/\" target=\"_blank\" rel=\" noreferrer noopener\"><img loading=\"lazy\" decoding=\"async\" width=\"484\" height=\"228\" src=\"https:\/\/mo2026.jaroska.cz\/wp-content\/uploads\/2026\/03\/muni.png\" alt=\"\" class=\"wp-image-146\" srcset=\"https:\/\/mo2026.jaroska.cz\/wp-content\/uploads\/2026\/03\/muni.png 484w, https:\/\/mo2026.jaroska.cz\/wp-content\/uploads\/2026\/03\/muni-300x141.png 300w\" sizes=\"auto, (max-width: 484px) 100vw, 484px\" \/><\/a><\/figure>\n\n\n\n<figure class=\"wp-block-image size-full\"><a href=\"https:\/\/www.prf.upol.cz\/\" target=\"_blank\" rel=\" noreferrer noopener\"><img loading=\"lazy\" decoding=\"async\" width=\"991\" height=\"427\" src=\"https:\/\/mo2026.jaroska.cz\/wp-content\/uploads\/2026\/03\/UPPrF_logo_horizontz.png\" alt=\"\" class=\"wp-image-220\" srcset=\"https:\/\/mo2026.jaroska.cz\/wp-content\/uploads\/2026\/03\/UPPrF_logo_horizontz.png 991w, https:\/\/mo2026.jaroska.cz\/wp-content\/uploads\/2026\/03\/UPPrF_logo_horizontz-300x129.png 300w, https:\/\/mo2026.jaroska.cz\/wp-content\/uploads\/2026\/03\/UPPrF_logo_horizontz-768x331.png 768w\" sizes=\"auto, (max-width: 991px) 100vw, 991px\" \/><\/a><\/figure>\n\n\n\n<figure class=\"wp-block-image size-full wp-container-content-5e2576f9\" style=\"margin-top:var(--wp--preset--spacing--30);margin-bottom:var(--wp--preset--spacing--30)\"><a href=\"https:\/\/qminers.com\/cs\/\" target=\"_blank\" rel=\" noreferrer noopener\"><img loading=\"lazy\" decoding=\"async\" width=\"1524\" height=\"423\" src=\"https:\/\/mo2026.jaroska.cz\/wp-content\/uploads\/2026\/03\/QMINERS_logo_colour_CMYK.png\" alt=\"\" class=\"wp-image-221\" srcset=\"https:\/\/mo2026.jaroska.cz\/wp-content\/uploads\/2026\/03\/QMINERS_logo_colour_CMYK.png 1524w, https:\/\/mo2026.jaroska.cz\/wp-content\/uploads\/2026\/03\/QMINERS_logo_colour_CMYK-300x83.png 300w, https:\/\/mo2026.jaroska.cz\/wp-content\/uploads\/2026\/03\/QMINERS_logo_colour_CMYK-1024x284.png 1024w, https:\/\/mo2026.jaroska.cz\/wp-content\/uploads\/2026\/03\/QMINERS_logo_colour_CMYK-768x213.png 768w\" sizes=\"auto, (max-width: 1524px) 100vw, 1524px\" \/><\/a><\/figure>\n\n\n\n<figure class=\"wp-block-image size-full wp-container-content-5e2576f9\" style=\"margin-top:20px;margin-right:var(--wp--preset--spacing--60);margin-bottom:20px;margin-left:var(--wp--preset--spacing--60)\"><a href=\"https:\/\/www.wincent.com\/\" target=\"_blank\" rel=\" noreferrer noopener\"><img loading=\"lazy\" decoding=\"async\" width=\"758\" height=\"524\" src=\"https:\/\/mo2026.jaroska.cz\/wp-content\/uploads\/2026\/03\/Wincent_logo_V_Color.png\" alt=\"\" class=\"wp-image-222\" srcset=\"https:\/\/mo2026.jaroska.cz\/wp-content\/uploads\/2026\/03\/Wincent_logo_V_Color.png 758w, https:\/\/mo2026.jaroska.cz\/wp-content\/uploads\/2026\/03\/Wincent_logo_V_Color-300x207.png 300w\" sizes=\"auto, (max-width: 758px) 100vw, 758px\" \/><\/a><\/figure>\n\n\n\n<figure class=\"wp-block-image size-full wp-container-content-5e2576f9\" style=\"margin-top:var(--wp--preset--spacing--30);margin-right:0;margin-bottom:var(--wp--preset--spacing--30);margin-left:0\"><a href=\"https:\/\/www.second-foundation.eu\/\" target=\"_blank\" rel=\" noreferrer noopener\"><img loading=\"lazy\" decoding=\"async\" width=\"1503\" height=\"814\" src=\"https:\/\/mo2026.jaroska.cz\/wp-content\/uploads\/2026\/03\/SF-Midnight-Blue-2.png\" alt=\"\" class=\"wp-image-223\" srcset=\"https:\/\/mo2026.jaroska.cz\/wp-content\/uploads\/2026\/03\/SF-Midnight-Blue-2.png 1503w, https:\/\/mo2026.jaroska.cz\/wp-content\/uploads\/2026\/03\/SF-Midnight-Blue-2-300x162.png 300w, https:\/\/mo2026.jaroska.cz\/wp-content\/uploads\/2026\/03\/SF-Midnight-Blue-2-1024x555.png 1024w, https:\/\/mo2026.jaroska.cz\/wp-content\/uploads\/2026\/03\/SF-Midnight-Blue-2-768x416.png 768w\" sizes=\"auto, (max-width: 1503px) 100vw, 1503px\" \/><\/a><\/figure>\n\n\n\n<figure class=\"wp-block-image size-full\" style=\"margin-top:0;margin-bottom:0\"><a href=\"https:\/\/msmt.gov.cz\/\" target=\"_blank\" rel=\" noreferrer noopener\"><img loading=\"lazy\" decoding=\"async\" width=\"472\" height=\"354\" src=\"https:\/\/mo2026.jaroska.cz\/wp-content\/uploads\/2026\/03\/msmt.jpg\" alt=\"\" class=\"wp-image-147\" srcset=\"https:\/\/mo2026.jaroska.cz\/wp-content\/uploads\/2026\/03\/msmt.jpg 472w, https:\/\/mo2026.jaroska.cz\/wp-content\/uploads\/2026\/03\/msmt-300x225.jpg 300w\" sizes=\"auto, (max-width: 472px) 100vw, 472px\" \/><\/a><\/figure>\n<\/div>\n<\/div>\n<\/div>\n\n\n\n<p class=\"has-text-align-center has-primary-color has-text-color has-link-color has-x-large-font-size wp-elements-b5f062d3c5940a041d498d8ec30340ea\"><strong>Partne\u0159i \u00fast\u0159edn\u00edho kola 75. ro\u010dn\u00edku MO<\/strong><\/p>\n\n\n\n<div class=\"wp-block-columns is-layout-flex wp-container-core-columns-is-layout-28f84493 wp-block-columns-is-layout-flex\">\n<div class=\"wp-block-column has-base-background-color has-background is-layout-flow wp-block-column-is-layout-flow\">\n<div class=\"wp-block-group has-base-background-color has-background is-layout-grid wp-container-core-group-is-layout-b757edec wp-block-group-is-layout-grid\">\n<figure class=\"wp-block-image size-large\" style=\"margin-top:var(--wp--preset--spacing--30);margin-bottom:var(--wp--preset--spacing--30)\"><a href=\"https:\/\/www.jmk.cz\/\" target=\"_blank\" rel=\" noreferrer noopener\"><img loading=\"lazy\" decoding=\"async\" width=\"1024\" height=\"245\" src=\"https:\/\/mo2026.jaroska.cz\/wp-content\/uploads\/2026\/03\/jmk-1024x245.jpg\" alt=\"\" class=\"wp-image-142\" srcset=\"https:\/\/mo2026.jaroska.cz\/wp-content\/uploads\/2026\/03\/jmk-1024x245.jpg 1024w, https:\/\/mo2026.jaroska.cz\/wp-content\/uploads\/2026\/03\/jmk-300x72.jpg 300w, https:\/\/mo2026.jaroska.cz\/wp-content\/uploads\/2026\/03\/jmk-768x184.jpg 768w, https:\/\/mo2026.jaroska.cz\/wp-content\/uploads\/2026\/03\/jmk-1536x368.jpg 1536w, https:\/\/mo2026.jaroska.cz\/wp-content\/uploads\/2026\/03\/jmk-2048x490.jpg 2048w\" sizes=\"auto, (max-width: 1024px) 100vw, 1024px\" \/><\/a><\/figure>\n\n\n\n<figure class=\"wp-block-image size-large\" style=\"margin-top:14px;margin-bottom:14px\"><a href=\"https:\/\/www.brno.cz\/\" target=\"_blank\" rel=\" noreferrer noopener\"><img loading=\"lazy\" decoding=\"async\" width=\"1024\" height=\"326\" src=\"https:\/\/mo2026.jaroska.cz\/wp-content\/uploads\/2026\/03\/Brno_logo_RED_RGB_OZ_min-1024x326.jpg\" alt=\"\" class=\"wp-image-145\" srcset=\"https:\/\/mo2026.jaroska.cz\/wp-content\/uploads\/2026\/03\/Brno_logo_RED_RGB_OZ_min-1024x326.jpg 1024w, https:\/\/mo2026.jaroska.cz\/wp-content\/uploads\/2026\/03\/Brno_logo_RED_RGB_OZ_min-300x95.jpg 300w, https:\/\/mo2026.jaroska.cz\/wp-content\/uploads\/2026\/03\/Brno_logo_RED_RGB_OZ_min-768x244.jpg 768w, https:\/\/mo2026.jaroska.cz\/wp-content\/uploads\/2026\/03\/Brno_logo_RED_RGB_OZ_min-1536x489.jpg 1536w, https:\/\/mo2026.jaroska.cz\/wp-content\/uploads\/2026\/03\/Brno_logo_RED_RGB_OZ_min-2048x651.jpg 2048w\" sizes=\"auto, (max-width: 1024px) 100vw, 1024px\" \/><\/a><\/figure>\n\n\n\n<figure class=\"wp-block-image size-medium\" style=\"margin-top:0;margin-right:var(--wp--preset--spacing--50);margin-bottom:0;margin-left:var(--wp--preset--spacing--50)\"><a href=\"https:\/\/www.czechgames.com\/\" target=\"_blank\" rel=\" noreferrer noopener\"><img loading=\"lazy\" decoding=\"async\" width=\"250\" height=\"300\" src=\"https:\/\/mo2026.jaroska.cz\/wp-content\/uploads\/2026\/03\/CGE-250x300.png\" alt=\"\" class=\"wp-image-228\" style=\"object-fit:cover\" srcset=\"https:\/\/mo2026.jaroska.cz\/wp-content\/uploads\/2026\/03\/CGE-250x300.png 250w, https:\/\/mo2026.jaroska.cz\/wp-content\/uploads\/2026\/03\/CGE-855x1024.png 855w, https:\/\/mo2026.jaroska.cz\/wp-content\/uploads\/2026\/03\/CGE-768x920.png 768w, https:\/\/mo2026.jaroska.cz\/wp-content\/uploads\/2026\/03\/CGE.png 1213w\" sizes=\"auto, (max-width: 250px) 100vw, 250px\" \/><\/a><\/figure>\n\n\n\n<figure class=\"wp-block-image size-full\" style=\"margin-top:var(--wp--preset--spacing--30);margin-bottom:var(--wp--preset--spacing--30)\"><a href=\"https:\/\/www.hvezdarna.cz\/\" target=\"_blank\" rel=\" noreferrer noopener\"><img loading=\"lazy\" decoding=\"async\" width=\"827\" height=\"405\" src=\"https:\/\/mo2026.jaroska.cz\/wp-content\/uploads\/2026\/03\/HPB_logotyp_barva_rgb2.jpg\" alt=\"\" class=\"wp-image-168\" srcset=\"https:\/\/mo2026.jaroska.cz\/wp-content\/uploads\/2026\/03\/HPB_logotyp_barva_rgb2.jpg 827w, https:\/\/mo2026.jaroska.cz\/wp-content\/uploads\/2026\/03\/HPB_logotyp_barva_rgb2-300x147.jpg 300w, https:\/\/mo2026.jaroska.cz\/wp-content\/uploads\/2026\/03\/HPB_logotyp_barva_rgb2-768x376.jpg 768w\" sizes=\"auto, (max-width: 827px) 100vw, 827px\" \/><\/a><\/figure>\n\n\n\n<figure class=\"wp-block-image size-large wp-container-content-5e2576f9\" style=\"margin-top:var(--wp--preset--spacing--30);margin-bottom:var(--wp--preset--spacing--30)\"><a href=\"https:\/\/www.vut.cz\/\" target=\"_blank\" rel=\" noreferrer noopener\"><img loading=\"lazy\" decoding=\"async\" width=\"1024\" height=\"397\" src=\"https:\/\/mo2026.jaroska.cz\/wp-content\/uploads\/2026\/03\/vut-1024x397.png\" alt=\"\" class=\"wp-image-169\" srcset=\"https:\/\/mo2026.jaroska.cz\/wp-content\/uploads\/2026\/03\/vut-1024x397.png 1024w, https:\/\/mo2026.jaroska.cz\/wp-content\/uploads\/2026\/03\/vut-300x116.png 300w, https:\/\/mo2026.jaroska.cz\/wp-content\/uploads\/2026\/03\/vut-768x298.png 768w, https:\/\/mo2026.jaroska.cz\/wp-content\/uploads\/2026\/03\/vut-1536x595.png 1536w, https:\/\/mo2026.jaroska.cz\/wp-content\/uploads\/2026\/03\/vut-2048x794.png 2048w\" sizes=\"auto, (max-width: 1024px) 100vw, 1024px\" \/><\/a><\/figure>\n\n\n\n<figure class=\"wp-block-image size-large\" style=\"margin-top:var(--wp--preset--spacing--30);margin-bottom:var(--wp--preset--spacing--30)\"><a href=\"https:\/\/www.dpmb.cz\/\" target=\"_blank\" rel=\" noreferrer noopener\"><img loading=\"lazy\" decoding=\"async\" width=\"1024\" height=\"410\" src=\"https:\/\/mo2026.jaroska.cz\/wp-content\/uploads\/2026\/03\/logo_dpmb-1024x410.png\" alt=\"\" class=\"wp-image-166\" srcset=\"https:\/\/mo2026.jaroska.cz\/wp-content\/uploads\/2026\/03\/logo_dpmb-1024x410.png 1024w, https:\/\/mo2026.jaroska.cz\/wp-content\/uploads\/2026\/03\/logo_dpmb-300x120.png 300w, https:\/\/mo2026.jaroska.cz\/wp-content\/uploads\/2026\/03\/logo_dpmb-768x307.png 768w, https:\/\/mo2026.jaroska.cz\/wp-content\/uploads\/2026\/03\/logo_dpmb-1536x615.png 1536w, https:\/\/mo2026.jaroska.cz\/wp-content\/uploads\/2026\/03\/logo_dpmb-2048x820.png 2048w\" sizes=\"auto, (max-width: 1024px) 100vw, 1024px\" \/><\/a><\/figure>\n\n\n\n<figure class=\"wp-block-image size-full\" style=\"margin-top:var(--wp--preset--spacing--40);margin-bottom:var(--wp--preset--spacing--40)\"><a href=\"https:\/\/www.hotelavanti.cz\/\" target=\"_blank\" rel=\" noreferrer noopener\"><img loading=\"lazy\" decoding=\"async\" width=\"2338\" height=\"853\" src=\"https:\/\/mo2026.jaroska.cz\/wp-content\/uploads\/2026\/03\/avanti.png\" alt=\"\" class=\"wp-image-227\" srcset=\"https:\/\/mo2026.jaroska.cz\/wp-content\/uploads\/2026\/03\/avanti.png 2338w, https:\/\/mo2026.jaroska.cz\/wp-content\/uploads\/2026\/03\/avanti-300x109.png 300w, https:\/\/mo2026.jaroska.cz\/wp-content\/uploads\/2026\/03\/avanti-1024x374.png 1024w, https:\/\/mo2026.jaroska.cz\/wp-content\/uploads\/2026\/03\/avanti-768x280.png 768w, https:\/\/mo2026.jaroska.cz\/wp-content\/uploads\/2026\/03\/avanti-1536x560.png 1536w, https:\/\/mo2026.jaroska.cz\/wp-content\/uploads\/2026\/03\/avanti-2048x747.png 2048w\" sizes=\"auto, (max-width: 2338px) 100vw, 2338px\" \/><\/a><\/figure>\n\n\n\n<figure class=\"wp-block-image size-large\" style=\"margin-top:0;margin-right:0;margin-bottom:0;margin-left:0\"><a href=\"https:\/\/cateringforyou.cz\/\" target=\"_blank\" rel=\" noreferrer noopener\"><img loading=\"lazy\" decoding=\"async\" width=\"1024\" height=\"532\" src=\"https:\/\/mo2026.jaroska.cz\/wp-content\/uploads\/2026\/03\/CFY_final_inverz-1024x532.png\" alt=\"\" class=\"wp-image-229\" srcset=\"https:\/\/mo2026.jaroska.cz\/wp-content\/uploads\/2026\/03\/CFY_final_inverz-1024x532.png 1024w, https:\/\/mo2026.jaroska.cz\/wp-content\/uploads\/2026\/03\/CFY_final_inverz-300x156.png 300w, https:\/\/mo2026.jaroska.cz\/wp-content\/uploads\/2026\/03\/CFY_final_inverz-768x399.png 768w, https:\/\/mo2026.jaroska.cz\/wp-content\/uploads\/2026\/03\/CFY_final_inverz.png 1250w\" sizes=\"auto, (max-width: 1024px) 100vw, 1024px\" \/><\/a><\/figure>\n<\/div>\n<\/div>\n<\/div>\n\n\n\n<p><\/p>\n","protected":false},"excerpt":{"rendered":"<p>Partne\u0159i MO Partne\u0159i \u00fast\u0159edn\u00edho kola 75. ro\u010dn\u00edku MO<\/p>\n","protected":false},"author":1,"featured_media":0,"parent":0,"menu_order":0,"comment_status":"closed","ping_status":"closed","template":"","meta":{"footnotes":""},"class_list":["post-101","page","type-page","status-publish","hentry"],"_links":{"self":[{"href":"https:\/\/mo2026.jaroska.cz\/index.php\/wp-json\/wp\/v2\/pages\/101","targetHints":{"allow":["GET"]}}],"collection":[{"href":"https:\/\/mo2026.jaroska.cz\/index.php\/wp-json\/wp\/v2\/pages"}],"about":[{"href":"https:\/\/mo2026.jaroska.cz\/index.php\/wp-json\/wp\/v2\/types\/page"}],"author":[{"embeddable":true,"href":"https:\/\/mo2026.jaroska.cz\/index.php\/wp-json\/wp\/v2\/users\/1"}],"replies":[{"embeddable":true,"href":"https:\/\/mo2026.jaroska.cz\/index.php\/wp-json\/wp\/v2\/comments?post=101"}],"version-history":[{"count":16,"href":"https:\/\/mo2026.jaroska.cz\/index.php\/wp-json\/wp\/v2\/pages\/101\/revisions"}],"predecessor-version":[{"id":230,"href":"https:\/\/mo2026.jaroska.cz\/index.php\/wp-json\/wp\/v2\/pages\/101\/revisions\/230"}],"wp:attachment":[{"href":"https:\/\/mo2026.jaroska.cz\/index.php\/wp-json\/wp\/v2\/media?parent=101"}],"curies":[{"name":"wp","href":"https:\/\/api.w.org\/{rel}","templated":true}]}}